{"id":297,"date":"2018-04-22T10:41:58","date_gmt":"2018-04-22T10:41:58","guid":{"rendered":"http:\/\/aplasteraday.com\/?page_id=297"},"modified":"2018-04-22T10:41:58","modified_gmt":"2018-04-22T10:41:58","slug":"sustainability","status":"publish","type":"page","link":"https:\/\/aplasteraday.com\/de\/sustainability\/","title":{"rendered":"Nachhaltigkeit"},"content":{"rendered":"<p>&nbsp;<\/p>\n<p>Was bedeutet Nachhaltigkeit?<\/p>\n<p>Definition Duden:<\/p>\n<ol>\n<li><a href=\"https:\/\/www.duden.de\/rechtschreibung\/Nachhaltigkeit#Bedeutung1\">l\u00e4ngere Zeit anhaltende Wirkung<\/a><\/li>\n<li>\n<ol>\n<li><a href=\"https:\/\/www.duden.de\/rechtschreibung\/Nachhaltigkeit#Bedeutung2a\">(Forstwirtschaft) forstwirtschaftliches Prinzip, nach dem nicht mehr Holz gef\u00e4llt werden darf, als jeweils nachwachsen kann<\/a><\/li>\n<li><a href=\"https:\/\/www.duden.de\/rechtschreibung\/Nachhaltigkeit#Bedeutung2b\">(\u00d6kologie) Prinzip, nach dem nicht mehr verbraucht werden darf, als jeweils nachwachsen, sich regenerieren, k\u00fcnftig wieder bereitgestellt werden kann<\/a><\/li>\n<\/ol>\n<\/li>\n<\/ol>\n<p>Nun dieses Wort wird wirklich \u00fcberall gebraucht und in allen Bereichen. In der letzten Zeit ist die Nachhaltigkeit und deren Gedanken zu einem wahren Trend geworden. Aber konzentriert man sich auf die wahre Bedeutung, ist es gar nicht so ein neuartiges Wort oder Konzept.<\/p>\n<p>Nachhaltig bedeutet n\u00e4mlich einfach, sich der Ressourcen die man besitzt bewusst zu sein und diese nicht auszubeuten. So mit der Natur im Einklang zu arbeiten, dass sie gen\u00fcgend Zeit hat sich zu regenerieren. Die industrielle Entwicklung hat somit einen grossen Anteil an der \u00dcberausbeutung der verf\u00fcgbaren Ressourcen, ich verwende mit Absicht nicht das Wort unserer Ressourcen, weil sie es nicht sind. Die Erde geh\u00f6rt nicht uns, wir sind Teil davon und als Teil davon sollten wir uns auch verhalten. Wir sind auch Teil der Natur und es hilft nicht sich dauernd und jeden Tag dagegen zu wehren.<\/p>\n<p>Durch diese Webseite, sehe ich meine Chance eine Ver\u00e4nderung zu erreichen im Denken und Handeln der Menschen, die meinen Blog lesen. Ich hoffe Menschen zu einer Ver\u00e4nderung im Umgang mit den Ressourcen anzuregen. Die Unterst\u00fctzung von nachhaltigen Projekten und Ideen liegt mir sehr am Herzen. Meine eigenen Ideen zu teilen und vielleicht mich selbst in einigen Projekten zu verwirklichen.<\/p>\n<p>Wie immer sind es nur meine Gedanken und weder m\u00f6chte ich jemanden etwas vorpredigen noch den Finger auf jemanden zeigen. Dies ist nur eine \u00c4usserung meiner Gedanken und Gef\u00fchle.<\/p>\n<p>Ich m\u00f6chte hier nicht abstreiten, dass wir als Menschheit\u00a0vieles erreicht haben. Die Erde hat aber durch unsere Entwicklung auch gelitten, unsere Ideen brauchen Ressourcen, unsere Technologie braucht Rohstoffe und wir nehmen uns alles was Mutternatur uns offeriert. Das Problem ist, dass wir niemals satt werden, es muss immer gr\u00f6sser, immer schneller, immer mehr sein und die Erde kommt nicht mehr nach. Und anstatt einmal inne zu halten und auf die Zeichen, die sie uns gibt zu achten, ignorieren wir dies einfach als ein Kollektiv. Dabei f\u00e4llt es wenigen auf, aber da es immer Menschen geben wird, die sich auf das Anh\u00e4ufen von mehr Reichtum konzentrieren, kann man vieles Tod schweigen.<\/p>\n<p>Es ist \u00e4hnlich wie bei einer Person, kurz vor dem Burnout, man kann vieles aus ihr herausholen, bittet sie um noch einen Gefallen, wirft ihr vielleicht vor;,, Aber letztes Mal hattest du auch noch Zeit dies zu erledigen&#8220;, und mit der Zeit, zeigt diese Person Anzeichen von M\u00fcdigkeit und Ersch\u00f6pfung. Wenn man dies ignoriert und die Schuld auf etwas anderes schiebt als auf den Fakt, dass die Person ausgelaugt ist, wird es irgendwann dazu kommen, dass sie so kaputt ist, dass sie vielleicht nie wieder arbeiten kann, ihre Familie verliert oder in eine Klinik muss. Das gleiche passiert mit unserer Erde.<\/p>\n<p>Die Natur braucht eine Auszeit sie zeigt es uns mit dem Aussterben von Tieren, mit der Klimaerw\u00e4rmung, mit dem komischen Wetterumst\u00fcrzen und vielem mehr.<\/p>\n<p>Wir brauchen mehr denn je, eine nachhaltigere Entwicklung, ein Zusammenspiel von Mensch und Natur. Dabei ist es wichtig einen Schritt zur\u00fcck zu gehen, in ein paar der Technologien. Vor allem was das &#8222;Jagen und Sammeln&#8220; betrifft. Seit Generationen haben wir die Beschaffung von Nahrung immer mehr technologisiert, wir sind an einem Punkt angekommen wo wir uns fragen m\u00fcssen wozu?<\/p>\n<p>Durch diese Entwicklung haben wir einen wesentlichen R\u00fcckschritt in der Erhaltung unserer Gesundheit gemacht und noch schlimmer, wir haben die Natur so ausgebeutet, dass die Natur sich angefangen hat zu wehren, die B\u00f6den gehen kaputt, immer mehr D\u00fcrre Perioden f\u00fchren zu Hunger auf der ganzen Welt, an vielen Orten der Welt fehlt es an sauberen Wasserquellen und dies ist nur der Anfang.<\/p>\n<p>Dies f\u00fchrt zu weiteren Trends wie dem Vegetarismus und dem Veganismus und versteht mich nicht falsch (bitte kein shitstorm), ich finde es nicht schlecht Tiere nicht t\u00f6ten oder ausbeuten zu wollen. Das Problem besteht darin, dass es vielen an einer ausgewogenen Ern\u00e4hrung fehlt, Di\u00e4ten und Trends regieren unseren Einkauf und unser Denken. Dabei ist es wichtig die Tierhaltung zu beachten, gegen Massentierhaltung vorzugehen, andere Menschen fair zu bezahlen und nicht das Erschaffen von k\u00fcnstlicher Nahrung zu f\u00f6rdern. In einer Demokratie wirkt sich jeder einzelne von uns auf unsere Gesellschaft aus. Somit ist es wichtig unsere Werte in unseren Einkauf mit einfliessen zu lassen.<\/p>\n<p>Meine Werte, was meine Nahrung betrifft, sind: die gute Haltung von Tieren, saisonale und m\u00f6glichst regionale Produkte zu kaufen, nat\u00fcrliche Produkte, die nicht zu Tode verarbeitet wurden und so viel Chemie und Antibiotika enthalten, dass man das Gef\u00fchl bekommt nur aus Gift zu bestehen. Und nat\u00fcrlich die faire Entlohnung der Menschen, welche tagt\u00e4glich daf\u00fcr arbeiten, dass ich etwas auf dem Teller habe.<\/p>\n<p>&nbsp;<\/p>","protected":false},"excerpt":{"rendered":"<p>&nbsp; Was bedeutet Nachhaltigkeit? Definition Duden: l\u00e4ngere Zeit anhaltende Wirkung (Forstwirtschaft) forstwirtschaftliches Prinzip, nach dem nicht mehr Holz gef\u00e4llt werden darf, als jeweils nachwachsen kann (\u00d6kologie) Prinzip, nach dem nicht mehr verbraucht werden darf, als jeweils nachwachsen, sich regenerieren, k\u00fcnftig wieder bereitgestellt werden kann Nun dieses Wort wird wirklich \u00fcberall gebraucht und in allen Bereichen. [&hellip;]<\/p>\n","protected":false},"author":2,"featured_media":0,"parent":0,"menu_order":0,"comment_status":"closed","ping_status":"closed","template":"","meta":{"footnotes":""},"class_list":["post-297","page","type-page","status-publish","hentry"],"_links":{"self":[{"href":"https:\/\/aplasteraday.com\/de\/wp-json\/wp\/v2\/pages\/297","targetHints":{"allow":["GET"]}}],"collection":[{"href":"https:\/\/aplasteraday.com\/de\/wp-json\/wp\/v2\/pages"}],"about":[{"href":"https:\/\/aplasteraday.com\/de\/wp-json\/wp\/v2\/types\/page"}],"author":[{"embeddable":true,"href":"https:\/\/aplasteraday.com\/de\/wp-json\/wp\/v2\/users\/2"}],"replies":[{"embeddable":true,"href":"https:\/\/aplasteraday.com\/de\/wp-json\/wp\/v2\/comments?post=297"}],"version-history":[{"count":2,"href":"https:\/\/aplasteraday.com\/de\/wp-json\/wp\/v2\/pages\/297\/revisions"}],"predecessor-version":[{"id":301,"href":"https:\/\/aplasteraday.com\/de\/wp-json\/wp\/v2\/pages\/297\/revisions\/301"}],"wp:attachment":[{"href":"https:\/\/aplasteraday.com\/de\/wp-json\/wp\/v2\/media?parent=297"}],"curies":[{"name":"wp","href":"https:\/\/api.w.org\/{rel}","templated":true}]}}