{"id":38,"date":"2016-10-12T10:14:34","date_gmt":"2016-10-12T10:14:34","guid":{"rendered":"http:\/\/aplasteraday.com\/?page_id=38"},"modified":"2022-08-30T10:48:26","modified_gmt":"2022-08-30T10:48:26","slug":"about-me","status":"publish","type":"page","link":"https:\/\/aplasteraday.com\/de\/about-me\/","title":{"rendered":"\u00dcber mich"},"content":{"rendered":"<p><strong>Hallo Leute!<\/strong><\/p>\n<p>Ich bin Naomi; Geboren in der Schweiz, kann ich mich gl\u00fccklich sch\u00e4tzen multikulturell aufgewachsen zu sein. Ich spreche f\u00fcnf Sprachen. Wobei mein Franz\u00f6sisch nicht erstklassig ist, jedoch l\u00e4sst es sich kommunizieren und was gibt es schliesslich wichtigeres als Kommunikation?<\/p>\n<p><strong>Was gibt es noch zu erz\u00e4hlen?\u00a0<\/strong><\/p>\n<p>Ich bin eine leidenschaftliche S\u00e4ngerin, ich liebe Musik \u00fcber alles und denke das Musik nicht nur Menschen zusammenf\u00fchrt, ein wichtiger Stimmungstr\u00e4ger ist und die Welt zu einem sch\u00f6neren Ort macht; Nein! Musik hat auch eine heilende Wirkung und sollte \u00f6fters als Mittel der Kommunikation gebraucht werden.<\/p>\n<p>Mein Leben hat schon immer aus Dingen bestanden die ich leidenschaftlich gerne mache. Ich mag es auch mich viel zu bewegen; Ich gehe joggen, schwimmen, fahre fast tagt\u00e4glich mit dem Fahrrad und vieles mehr.<\/p>\n<p>In den letzten Jahren habe ich mich auch viel mit Yoga befasst und mache fast t\u00e4glich Yoga. Ich f\u00fchle mich mit dieser Philosophie sehr verbunden und denke wenn man sich so verh\u00e4lt wie man es gerne vom Gegen\u00fcber h\u00e4tte, dann bekommt man auch viel zur\u00fcck. Beim Yoga kann ich mich entspannen, meinen nie ruhenden Gedanken, einen Moment der Klarheit schenken und mich auf mich konzentrieren.<\/p>\n<p>Kochen ist auch eins der Dinge bei denen ich mich gerne verliere. Es entspannt mich und ich kann unglaublich kreativ sein. Ich probiere gerne neues aus und liebe es erfinderisch sein zu k\u00f6nnen. Gerade seid ich mich vegetarisch ern\u00e4hre, empfinde ich es als inspirierend wieviele M\u00f6glichkeiten es gibt, trotz &#8222;Einschr\u00e4nkungen&#8220;, kulinarisch zu experimentieren.<\/p>\n<p><strong>Ein paar\u00a0Hintergrundsdaten vielleicht?<\/strong><\/p>\n<p>Wie ich schon anget\u00f6nt habe bin ich in Basel (der Schweiz) geboren und wohne auch noch bis anhin hier. Seid 2019 bin ich mit meinem Freund zusammengezogen, welcher mein ein und alles ist. Mit ihm habe ich meinen ersten Surftrip gemacht und die ersten Road-trips. Er hat mir die Augen ge\u00f6ffnet was es alles zu erleben gibt auf dieser Erde. Ich hoffe nat\u00fcrlich es werden weitere Reisen folgen, ich halte euch auf dem laufenden.<\/p>\n<p>Meine Schwester, welche sich auch sehr f\u00fcr die Umwelt engagiert unterst\u00fctzt mich in meinem Blog, gibt mir Inputs und korrigiert mein schreckliches Englisch, wenigstens so, dass man mich versteht.(sorry Lexxii). Sie war auch eine grosse Inspiration in meinem Weg Veggi zu werden. Hier ein Dankesch\u00f6n, an einen ganz besonderen Menschen in meinem Leben: Danke!<\/p>\n<p>Meine ganze Schullaufbahn ist schwer zu erkl\u00e4ren. Ich bin in Basel ans Gymnasium gegangen mit dem Ziel Medizin zu studieren. Da ich den Numerus Clausus ( den Test um \u00fcberhaupt ins Studium rein zu gelangen) nicht bestanden hatte, musste ich mich nach Alternativen umsehen. Im\u00a0n\u00e4chsten Jahr\u00a0h\u00e4tte ich den Test\u00a0wiederholen d\u00fcrfen( beliebige Wiederholung m\u00f6glich). Jedoch fiel mir auf, dass ich doch etwas anderes machen wollte, deswegen fing ich das Studium Geowissenschaften an, um nach dem Bachelor den Master in Sustainable Development zu machen. Ich merkte jedoch schnell, dass ich noch nicht richtig bereit war um zu studieren. Deswegen verliess ich die Universit\u00e4t nach einem erfolgreichen Jahr mit meiner Projektgruppe, dazu werde ich in einen der Blog-Posts was erz\u00e4hlen.<\/p>\n<p>Nach meiner gewissermassen unkonventionellen Laufbahn, schliesse ich nach 3 Jahren mit einem Diplom in Pflege, an der H\u00f6heren Fachschule ab und beginne meinen Arbeitsweg an der Merian Iselin Klinik als Diplomierte Pflegefachfrau.<\/p>\n<p>Ich finde diesen Job immer noch spannend und liebe es auch mein Wissen weiterzugeben, weswegen ich nach nicht langer Zeit, die Berufsbildung auf der Station. Doch wie gesagt, meinen Traum der Medizin konnte ich nicht begraben und deswegen probierte ich die Aufnahme Pr\u00fcfung noch ein letztes Mal, um mich zu vergewissern, dass ich alles daf\u00fcr gemacht habe was in meiner Macht steht, denn ich bin immer noch die, die \u00fcber mein Gl\u00fcck bestimmen kann.<\/p>\n<p>Lange Rede, kurzer Sinn: Nun bin ich angehende \u00c4rztin und weiterhin immer daran mich weiterzuentwickeln und Neues zu lernen, um jeden Tag eine bessere Version meiner selbst zu sein.<\/p>\n<p><strong>Wieso diese Webseite?\u00a0<\/strong><\/p>\n<p>Die Umwelt ist einer meiner letzten Gedanken bevor ich zu Bett gehe. Ich werde wahrscheinlich niemals einschlafen ohne noch \u00fcber die wundersch\u00f6nen Dinge nachzudenken die diese Welt zu bieten hat. Ich bin Mutter Natur f\u00fcr alles was sie uns t\u00e4glich gibt dankbar und m\u00f6chte etwas zur\u00fcckgeben. Ich will etwas auf dieser Erde ver\u00e4ndern und andere Menschen davon \u00fcberzeugen das selbe zu tun, nicht nur f\u00fcr sich selbst, sondern auch f\u00fcr alle anderen. Ich glaube nicht die einzige zu sein die solche Gedanken hat. Ich hatte schon das Gl\u00fcck Teil von solchen Projekten sein zu d\u00fcrfen, m\u00f6chte aber hier die Gelegenheit nutzen meine Gedanken mit verschiedenen Menschen auf der Welt zu teilen.<\/p>\n<p>Ich \u00fcberdenke Dinge immer tausendfach und h\u00e4tte gerne Hilfe dabei meine Gedanken zu ordnen, verstehen und zu unterst\u00fctzen. Ihr seit nat\u00fcrlich herzlich eingeladen mit mir zu reflektieren.<\/p>","protected":false},"excerpt":{"rendered":"<p>Hallo Leute! Ich bin Naomi; Geboren in der Schweiz, kann ich mich gl\u00fccklich sch\u00e4tzen multikulturell aufgewachsen zu sein. Ich spreche f\u00fcnf Sprachen. Wobei mein Franz\u00f6sisch nicht erstklassig ist, jedoch l\u00e4sst es sich kommunizieren und was gibt es schliesslich wichtigeres als Kommunikation? Was gibt es noch zu erz\u00e4hlen?\u00a0 Ich bin eine leidenschaftliche S\u00e4ngerin, ich liebe Musik [&hellip;]<\/p>\n","protected":false},"author":2,"featured_media":0,"parent":0,"menu_order":0,"comment_status":"closed","ping_status":"closed","template":"","meta":{"footnotes":""},"class_list":["post-38","page","type-page","status-publish","hentry"],"_links":{"self":[{"href":"https:\/\/aplasteraday.com\/de\/wp-json\/wp\/v2\/pages\/38","targetHints":{"allow":["GET"]}}],"collection":[{"href":"https:\/\/aplasteraday.com\/de\/wp-json\/wp\/v2\/pages"}],"about":[{"href":"https:\/\/aplasteraday.com\/de\/wp-json\/wp\/v2\/types\/page"}],"author":[{"embeddable":true,"href":"https:\/\/aplasteraday.com\/de\/wp-json\/wp\/v2\/users\/2"}],"replies":[{"embeddable":true,"href":"https:\/\/aplasteraday.com\/de\/wp-json\/wp\/v2\/comments?post=38"}],"version-history":[{"count":9,"href":"https:\/\/aplasteraday.com\/de\/wp-json\/wp\/v2\/pages\/38\/revisions"}],"predecessor-version":[{"id":395,"href":"https:\/\/aplasteraday.com\/de\/wp-json\/wp\/v2\/pages\/38\/revisions\/395"}],"wp:attachment":[{"href":"https:\/\/aplasteraday.com\/de\/wp-json\/wp\/v2\/media?parent=38"}],"curies":[{"name":"wp","href":"https:\/\/api.w.org\/{rel}","templated":true}]}}