{"id":38,"date":"2016-10-12T10:14:34","date_gmt":"2016-10-12T10:14:34","guid":{"rendered":"http:\/\/aplasteraday.com\/?page_id=38"},"modified":"2022-08-30T10:48:26","modified_gmt":"2022-08-30T10:48:26","slug":"about-me","status":"publish","type":"page","link":"https:\/\/aplasteraday.com\/es\/about-me\/","title":{"rendered":"Sobre mi"},"content":{"rendered":"<p><strong>\u00a1Hola!<\/strong><\/p>\n<p>Me llamo Naomi Fumarola, se oye soy italiana pero nunca me olvido de mi otra mitad espa\u00f1ola. Nacida en Suiza, estoy muy contenta de haber podido crecer en un ambiente multicultural. Hablo cinco idiomas aunque mi franc\u00e9s pudiera ser mejor, me se exprimir. Para mi no existe nada tan importante como comunicaci\u00f3n.<\/p>\n<p><strong>\u00bfQue hay que decir sobre mi?<\/strong><\/p>\n<p>Soy una cantadora pasionaria y amo todo lo que tenga que ver con m\u00fasica. O\u00edrla, sentirla e incluso bailar (aunque no sea buena bailarina, no me importa)&#8230;<\/p>\n<p>Mi vida siempre se ha tratado de cosas \u00a0que me apasionan o de verdad me gustan hacer. Una de las cosas que tambi\u00e9n me gustan hacer es moverme; como ir a correr, nadar, ir en bici y desde que estoy aprendiendo a hacer surf, naturalmente practicar el surf.<\/p>\n<p>Cocinar es otra cosa que adoro hacer. Me relaja, se tiene que ser creativo y probar siempre cosas nuevas. Me gusta ser inventiva\u00a0y aprender a hacer nuevas cosas.<\/p>\n<p><strong>Peque\u00f1a requisitoria<\/strong><\/p>\n<p>Como ya he escrito antes nac\u00ed en Basilea (Suiza), donde a\u00fan vivo. Tengo mis padres y mi hermana que amo con todo mi coraz\u00f3n. Desde 2014, vivo en mi apartamiento, con solo una habitaci\u00f3n, una cocina peque\u00f1a y un ba\u00f1o (\u00bfEs algo no?). Una de las razones para salir de casa fue mi novio, que es todo para mi. Con el hice mi primer viaje de surf, mis viajes visitando gran parte de Italia y Espa\u00f1a. El me hizo abrir los ojos para todas las cosas maravillosas que hay que ver.<\/p>\n<p>Mi entera carrera hasta ahora es dif\u00edcil para explicar. Primero hice el liceo, para poder estudiar medicina qu\u00e9 es lo que quer\u00eda desde peque\u00f1a. En Suiza cuando se termina el liceo se tiene que hacer un examen para poder estudiar medicina y no logre entrar en los 800 de 4000. Cuando me mandaron los resultados, empece a estudiar ciencias de la tierra para poder terminar con el diploma de desarrollo sostenible. Pero cuando empece a estudiar note que no me sent\u00eda preparada para estudiar. As\u00ed que deje la universidad, despu\u00e9s de un a\u00f1o afortunado donde con unas colegas del estudio logramos a lanzar un proyecto para reciclaje (de el que a\u00fan hablare en uno de mis pr\u00f3ximos blogs). Y despu\u00e9s de todo empece mi carrera como enfermera.<\/p>\n<p>Al acabar con mi carrera como enfermera, todav\u00eda no me hab\u00eda hecho a la idea de haber enterrado mis estudios. As\u00ed que intente una \u00faltima vez el examen de medicina y lo logr\u00e9. Ahora soy una doctora en formaci\u00f3n y trabajo cada d\u00eda para ser la mejor versi\u00f3n de mi misma.<\/p>\n<p><strong>\u00bfPorque esta pagina web?<\/strong><\/p>\n<p>El medioambiente es uno de mis pensamientos m\u00e1s grandes antes de irme a la cama. Nunca me duermo sin pensar en todas las cosas hermosas que nuestra tierra nos ofrece. Quisiera decirle todas las gracias del mundo a madre naturaleza para todo lo que nos da. Quiero conseguir un cambio sobre este planeta y quiero animar a otros a hacer lo mismo. No para ellos mismos pero para todos nosotros. Creo que hay muchas personas que piensan igual como yo. Ya tuve la oportunidad de apoyar algunos proyectos pero hasta ahora no tuve la posibilidad de compartir mis pensamientos.<\/p>\n<p>Soy una persona que piensa demasiado y espero que me pod\u00e9is ayudar a organizar, entender y apoyar mis pensamientos. Est\u00e1is naturalmente invitados a reflectar\u00a0junto a mi.<\/p>\n<p>&nbsp;<\/p>","protected":false},"excerpt":{"rendered":"<p>\u00a1Hola! Me llamo Naomi Fumarola, se oye soy italiana pero nunca me olvido de mi otra mitad espa\u00f1ola. Nacida en Suiza, estoy muy contenta de haber podido crecer en un ambiente multicultural. Hablo cinco idiomas aunque mi franc\u00e9s pudiera ser mejor, me se exprimir. Para mi no existe nada tan importante como comunicaci\u00f3n. \u00bfQue hay [&hellip;]<\/p>\n","protected":false},"author":2,"featured_media":0,"parent":0,"menu_order":0,"comment_status":"closed","ping_status":"closed","template":"","meta":{"footnotes":""},"class_list":["post-38","page","type-page","status-publish","hentry"],"_links":{"self":[{"href":"https:\/\/aplasteraday.com\/es\/wp-json\/wp\/v2\/pages\/38","targetHints":{"allow":["GET"]}}],"collection":[{"href":"https:\/\/aplasteraday.com\/es\/wp-json\/wp\/v2\/pages"}],"about":[{"href":"https:\/\/aplasteraday.com\/es\/wp-json\/wp\/v2\/types\/page"}],"author":[{"embeddable":true,"href":"https:\/\/aplasteraday.com\/es\/wp-json\/wp\/v2\/users\/2"}],"replies":[{"embeddable":true,"href":"https:\/\/aplasteraday.com\/es\/wp-json\/wp\/v2\/comments?post=38"}],"version-history":[{"count":9,"href":"https:\/\/aplasteraday.com\/es\/wp-json\/wp\/v2\/pages\/38\/revisions"}],"predecessor-version":[{"id":395,"href":"https:\/\/aplasteraday.com\/es\/wp-json\/wp\/v2\/pages\/38\/revisions\/395"}],"wp:attachment":[{"href":"https:\/\/aplasteraday.com\/es\/wp-json\/wp\/v2\/media?parent=38"}],"curies":[{"name":"wp","href":"https:\/\/api.w.org\/{rel}","templated":true}]}}